{"id":1426,"date":"2026-02-19T14:23:51","date_gmt":"2026-02-19T14:23:51","guid":{"rendered":"https:\/\/tierrafertil.com.pe\/?page_id=1426"},"modified":"2026-02-19T14:47:41","modified_gmt":"2026-02-19T14:47:41","slug":"noticias-04","status":"publish","type":"page","link":"https:\/\/tierrafertil.com.pe\/index.php\/noticias-04\/","title":{"rendered":"Noticias 04"},"content":{"rendered":"\n<h5 class=\"wp-block-heading has-text-align-left\" id=\"un-encuentro-con-empresarios-nacionales-en-el-cual-les-expuse-a-que-nos-dedicamos-en-la-produccion-de-maracuya-la-cantidad-de-toneladas-que-vendemos-por-campana-al-mercado-nacional-y-ademas-compartimos-contactos\">Un encuentro con empresarios nacionales, en el cual les expuse a qu\u00e9 nos dedicamos en la producci\u00f3n de maracuy\u00e1, la cantidad de toneladas que vendemos por campa\u00f1a al mercado nacional y, adem\u00e1s, compartimos contactos.<\/h5>\n\n\n\n<figure class=\"wp-block-image size-large is-resized\"><img loading=\"lazy\" decoding=\"async\" width=\"1024\" height=\"576\" src=\"https:\/\/tierrafertil.com.pe\/wp-content\/uploads\/2026\/02\/WhatsApp-Image-2026-02-18-at-10.24.06-PM-1024x576.jpeg\" alt=\"\" class=\"wp-image-1427\" style=\"aspect-ratio:1.7778347377527155;width:780px;height:auto\" srcset=\"https:\/\/tierrafertil.com.pe\/wp-content\/uploads\/2026\/02\/WhatsApp-Image-2026-02-18-at-10.24.06-PM-1024x576.jpeg 1024w, https:\/\/tierrafertil.com.pe\/wp-content\/uploads\/2026\/02\/WhatsApp-Image-2026-02-18-at-10.24.06-PM-300x169.jpeg 300w, https:\/\/tierrafertil.com.pe\/wp-content\/uploads\/2026\/02\/WhatsApp-Image-2026-02-18-at-10.24.06-PM-768x432.jpeg 768w, https:\/\/tierrafertil.com.pe\/wp-content\/uploads\/2026\/02\/WhatsApp-Image-2026-02-18-at-10.24.06-PM-1536x864.jpeg 1536w, https:\/\/tierrafertil.com.pe\/wp-content\/uploads\/2026\/02\/WhatsApp-Image-2026-02-18-at-10.24.06-PM.jpeg 1600w\" sizes=\"auto, (max-width: 1024px) 100vw, 1024px\" \/><\/figure>\n","protected":false},"excerpt":{"rendered":"<p>Un encuentro con empresarios nacionales, en el cual les expuse a qu\u00e9 nos dedicamos en la producci\u00f3n de maracuy\u00e1, la cantidad de toneladas que vendemos por campa\u00f1a al mercado nacional y, adem\u00e1s, compartimos contactos.<\/p>\n","protected":false},"author":3,"featured_media":0,"parent":0,"menu_order":0,"comment_status":"closed","ping_status":"closed","template":"","meta":{"_gspb_post_css":"","footnotes":""},"class_list":["post-1426","page","type-page","status-publish","hentry"],"blocksy_meta":[],"_links":{"self":[{"href":"https:\/\/tierrafertil.com.pe\/index.php\/wp-json\/wp\/v2\/pages\/1426","targetHints":{"allow":["GET"]}}],"collection":[{"href":"https:\/\/tierrafertil.com.pe\/index.php\/wp-json\/wp\/v2\/pages"}],"about":[{"href":"https:\/\/tierrafertil.com.pe\/index.php\/wp-json\/wp\/v2\/types\/page"}],"author":[{"embeddable":true,"href":"https:\/\/tierrafertil.com.pe\/index.php\/wp-json\/wp\/v2\/users\/3"}],"replies":[{"embeddable":true,"href":"https:\/\/tierrafertil.com.pe\/index.php\/wp-json\/wp\/v2\/comments?post=1426"}],"version-history":[{"count":7,"href":"https:\/\/tierrafertil.com.pe\/index.php\/wp-json\/wp\/v2\/pages\/1426\/revisions"}],"predecessor-version":[{"id":1441,"href":"https:\/\/tierrafertil.com.pe\/index.php\/wp-json\/wp\/v2\/pages\/1426\/revisions\/1441"}],"wp:attachment":[{"href":"https:\/\/tierrafertil.com.pe\/index.php\/wp-json\/wp\/v2\/media?parent=1426"}],"curies":[{"name":"wp","href":"https:\/\/api.w.org\/{rel}","templated":true}]}}