{"id":1353,"date":"2026-02-17T16:57:39","date_gmt":"2026-02-17T16:57:39","guid":{"rendered":"https:\/\/tierrafertil.com.pe\/?page_id=1353"},"modified":"2026-02-17T17:16:03","modified_gmt":"2026-02-17T17:16:03","slug":"noticia-02","status":"publish","type":"page","link":"https:\/\/tierrafertil.com.pe\/index.php\/noticia-02\/","title":{"rendered":"Noticia 02"},"content":{"rendered":"\n<h5 class=\"wp-block-heading\" id=\"realizamos-pasantias-tecnicas-en-ecuador-junto-a-techno-consult-visitando-el-cultivo-de-guanabana-trayendo-conocimientosde-vanguardia-para-la-mejora-de-nuestros-procesos\">Realizamos pasant\u00edas t\u00e9cnicas en Ecuador junto a Techno Consult,<br>visitando el cultivo de <strong>guan\u00e1bana<\/strong> trayendo conocimientos<br>de vanguardia para la mejora de nuestros procesos.<\/h5>\n\n\n\n<figure class=\"wp-block-image size-large is-resized\"><img loading=\"lazy\" decoding=\"async\" width=\"1024\" height=\"768\" src=\"https:\/\/tierrafertil.com.pe\/wp-content\/uploads\/2026\/02\/WhatsApp-Image-2026-02-17-at-10.36.42-AM-1024x768.jpeg\" alt=\"\" class=\"wp-image-1371\" style=\"width:576px;height:auto\" srcset=\"https:\/\/tierrafertil.com.pe\/wp-content\/uploads\/2026\/02\/WhatsApp-Image-2026-02-17-at-10.36.42-AM-1024x768.jpeg 1024w, https:\/\/tierrafertil.com.pe\/wp-content\/uploads\/2026\/02\/WhatsApp-Image-2026-02-17-at-10.36.42-AM-300x225.jpeg 300w, https:\/\/tierrafertil.com.pe\/wp-content\/uploads\/2026\/02\/WhatsApp-Image-2026-02-17-at-10.36.42-AM-768x576.jpeg 768w, https:\/\/tierrafertil.com.pe\/wp-content\/uploads\/2026\/02\/WhatsApp-Image-2026-02-17-at-10.36.42-AM-1536x1152.jpeg 1536w, https:\/\/tierrafertil.com.pe\/wp-content\/uploads\/2026\/02\/WhatsApp-Image-2026-02-17-at-10.36.42-AM.jpeg 1600w\" sizes=\"auto, (max-width: 1024px) 100vw, 1024px\" \/><\/figure>\n","protected":false},"excerpt":{"rendered":"<p>Realizamos pasant\u00edas t\u00e9cnicas en Ecuador junto a Techno Consult,visitando el cultivo de guan\u00e1bana trayendo conocimientosde vanguardia para la mejora de nuestros procesos.<\/p>\n","protected":false},"author":3,"featured_media":0,"parent":0,"menu_order":0,"comment_status":"closed","ping_status":"closed","template":"","meta":{"_gspb_post_css":"","footnotes":""},"class_list":["post-1353","page","type-page","status-publish","hentry"],"blocksy_meta":[],"_links":{"self":[{"href":"https:\/\/tierrafertil.com.pe\/index.php\/wp-json\/wp\/v2\/pages\/1353","targetHints":{"allow":["GET"]}}],"collection":[{"href":"https:\/\/tierrafertil.com.pe\/index.php\/wp-json\/wp\/v2\/pages"}],"about":[{"href":"https:\/\/tierrafertil.com.pe\/index.php\/wp-json\/wp\/v2\/types\/page"}],"author":[{"embeddable":true,"href":"https:\/\/tierrafertil.com.pe\/index.php\/wp-json\/wp\/v2\/users\/3"}],"replies":[{"embeddable":true,"href":"https:\/\/tierrafertil.com.pe\/index.php\/wp-json\/wp\/v2\/comments?post=1353"}],"version-history":[{"count":3,"href":"https:\/\/tierrafertil.com.pe\/index.php\/wp-json\/wp\/v2\/pages\/1353\/revisions"}],"predecessor-version":[{"id":1373,"href":"https:\/\/tierrafertil.com.pe\/index.php\/wp-json\/wp\/v2\/pages\/1353\/revisions\/1373"}],"wp:attachment":[{"href":"https:\/\/tierrafertil.com.pe\/index.php\/wp-json\/wp\/v2\/media?parent=1353"}],"curies":[{"name":"wp","href":"https:\/\/api.w.org\/{rel}","templated":true}]}}